{"id":1977,"date":"2022-09-23T16:25:16","date_gmt":"2022-09-23T22:25:16","guid":{"rendered":"https:\/\/www.drestebancastro.com\/blog\/?page_id=1977"},"modified":"2022-11-10T11:06:33","modified_gmt":"2022-11-10T17:06:33","slug":"iniciar-sesion","status":"publish","type":"page","link":"https:\/\/www.drestebancastro.com\/blog\/iniciar-sesion\/","title":{"rendered":"Iniciar sesi\u00f3n"},"content":{"rendered":"<p>[et_pb_section fb_built=\u00bb1&#8243; _builder_version=\u00bb4.16&#8243; global_colors_info=\u00bb{}\u00bb][et_pb_row _builder_version=\u00bb4.16&#8243; background_size=\u00bbinitial\u00bb background_position=\u00bbtop_left\u00bb background_repeat=\u00bbrepeat\u00bb global_colors_info=\u00bb{}\u00bb][et_pb_column type=\u00bb4_4&#8243; _builder_version=\u00bb4.16&#8243; custom_padding=\u00bb|||\u00bb global_colors_info=\u00bb{}\u00bb custom_padding__hover=\u00bb|||\u00bb][et_pb_login title=\u00bbIniciar sesi\u00f3n \u00bb _builder_version=\u00bb4.18.0&#8243; _module_preset=\u00bbdefault\u00bb background_color=\u00bb#1D3259&#8243; hover_enabled=\u00bb0&#8243; global_colors_info=\u00bb{}\u00bb sticky_enabled=\u00bb0&#8243;]<\/p>\n<p>Por favor proporciona los datos de tu usuario y contrase\u00f1a para poder acceder al administrador.<\/p>\n<p>Si no recuerdas tu contrase\u00f1a, selecciona la opci\u00f3n \u00abOlvide mi contrase\u00f1a\u00bb o contacta tu administrador.<\/p>\n<p>&nbsp;<\/p>\n<p>[\/et_pb_login][\/et_pb_column][\/et_pb_row][\/et_pb_section]<\/p>\n","protected":false},"excerpt":{"rendered":"<p>Por favor proporciona los datos de tu usuario y contrase\u00f1a para poder acceder al administrador.Si no recuerdas tu contrase\u00f1a, selecciona la opci\u00f3n \u00abOlvide mi contrase\u00f1a\u00bb o contacta tu administrador. &nbsp;<\/p>\n","protected":false},"author":3,"featured_media":0,"parent":0,"menu_order":0,"comment_status":"closed","ping_status":"closed","template":"","meta":{"_et_pb_use_builder":"on","_et_pb_old_content":"[wpmem_form login]","_et_gb_content_width":"","footnotes":""},"class_list":["post-1977","page","type-page","status-publish","hentry"],"_links":{"self":[{"href":"https:\/\/www.drestebancastro.com\/blog\/wp-json\/wp\/v2\/pages\/1977","targetHints":{"allow":["GET"]}}],"collection":[{"href":"https:\/\/www.drestebancastro.com\/blog\/wp-json\/wp\/v2\/pages"}],"about":[{"href":"https:\/\/www.drestebancastro.com\/blog\/wp-json\/wp\/v2\/types\/page"}],"author":[{"embeddable":true,"href":"https:\/\/www.drestebancastro.com\/blog\/wp-json\/wp\/v2\/users\/3"}],"replies":[{"embeddable":true,"href":"https:\/\/www.drestebancastro.com\/blog\/wp-json\/wp\/v2\/comments?post=1977"}],"version-history":[{"count":6,"href":"https:\/\/www.drestebancastro.com\/blog\/wp-json\/wp\/v2\/pages\/1977\/revisions"}],"predecessor-version":[{"id":2517,"href":"https:\/\/www.drestebancastro.com\/blog\/wp-json\/wp\/v2\/pages\/1977\/revisions\/2517"}],"wp:attachment":[{"href":"https:\/\/www.drestebancastro.com\/blog\/wp-json\/wp\/v2\/media?parent=1977"}],"curies":[{"name":"wp","href":"https:\/\/api.w.org\/{rel}","templated":true}]}}